{"id":241,"date":"2018-08-07T11:37:09","date_gmt":"2018-08-07T11:37:09","guid":{"rendered":"http:\/\/smallbiz\/?page_id=11"},"modified":"2021-01-29T09:07:29","modified_gmt":"2021-01-29T08:07:29","slug":"home","status":"publish","type":"page","link":"https:\/\/tiefbausauger.de\/","title":{"rendered":"Home"},"content":{"rendered":"<div id='av_section_1'  class='avia-section header_color avia-section-no-padding avia-no-shadow  avia-full-stretch avia-bg-style-scroll  avia-builder-el-0  el_before_av_section  avia-builder-el-first   av-minimum-height av-minimum-height-100  container_wrap sidebar_right' style='background-color: #7bb0e7; background-repeat: no-repeat; background-image: url(https:\/\/tiefbausauger.de\/wp-content\/uploads\/2021\/01\/papercraft2.jpg), linear-gradient(to bottom right,#89bb30,#1aace2);background-attachment: scroll; background-position: center center;  '  data-section-bg-repeat='stretch' data-av_minimum_height_pc='100'><div class='av-section-color-overlay-wrap'><a href='#next-section' title='' class='scroll-down-link  av-custom-scroll-down-color' style='color: #fb4d4d;' aria-hidden='true' data-av_icon='\ue877' data-av_iconfont='entypo-fontello'><\/a><div class='container' ><main  role=\"main\" itemprop=\"mainContentOfPage\"  class='template-page content  av-content-small alpha units'><div class='post-entry post-entry-type-page post-entry-241'><div class='entry-content-wrapper clearfix'>\n<\/div><\/div><\/main><!-- close content main element --><\/div><div class='av-extra-border-element border-extra-diagonal border-extra-diagonal-inverse '><div class='av-extra-border-outer'><div class='av-extra-border-inner'  style='background-color:#ffffff;' ><\/div><\/div><\/div><\/div><\/div><div id='av_section_2'  class='avia-section main_color avia-section-huge avia-no-border-styling  avia-bg-style-scroll  avia-builder-el-1  el_after_av_section  el_before_av_section   container_wrap sidebar_right' style=' '  ><div class='container' ><div class='template-page content  av-content-small alpha units'><div class='post-entry post-entry-type-page post-entry-241'><div class='entry-content-wrapper clearfix'>\n<div  style='padding-bottom:0px; margin:0 0 0 0; font-size:5vw;' class='av-special-heading av-special-heading-h3  blockquote modern-quote modern-centered  avia-builder-el-2  el_before_av_textblock  avia-builder-el-first  av-inherit-size '><h3 class='av-special-heading-tag '  itemprop=\"headline\"  >Innovative Tiefbausauger<\/h3><div class='special-heading-border'><div class='special-heading-inner-border' ><\/div><\/div><\/div>\n<section class=\"av_textblock_section \"  itemscope=\"itemscope\" itemtype=\"https:\/\/schema.org\/CreativeWork\" ><div class='avia_textblock  '  style='font-size:23px; '  itemprop=\"text\" ><p style=\"text-align: center;\">TECHNIK F\u00dcR MENSCH &#038; UMWELT<\/p>\n<\/div><\/section>\n<div   class='hr hr-short hr-center   avia-builder-el-4  el_after_av_textblock  el_before_av_one_fifth '><span class='hr-inner ' ><span class='hr-inner-style'><\/span><\/span><\/div>\n<div class=\"flex_column av_one_fifth  flex_column_div av-zero-column-padding first  avia-builder-el-5  el_after_av_hr  el_before_av_three_fifth  \" style='border-radius:0px; '><\/div><div class=\"flex_column av_three_fifth  flex_column_div av-zero-column-padding   avia-builder-el-6  el_after_av_one_fifth  el_before_av_one_fifth  \" style='border-radius:0px; '><div   data-autoplay='1'  data-interval='5'  data-animation='fade'  data-hoverpause='1'  class='avia-testimonial-wrapper avia-slider-testimonials avia-slider-2-testimonials avia_animate_when_almost_visible  av-large-testimonial-slider  '>\n<section class ='avia-testimonial-row'><div class='avia-testimonial av_one_half flex_column no_margin avia-testimonial-row-1 avia-first-testimonial' ><div class='avia-testimonial_inner'  itemscope=\"itemscope\" itemtype=\"https:\/\/schema.org\/CreativeWork\" ><div class='avia-testimonial-content '  ><div class='avia-testimonial-markup-entry-content'  itemprop=\"text\" ><p>Niemand ist allein auf diesen Planeten<\/p>\n<\/div><\/div><div class='avia-testimonial-meta'><div class='avia-testimonial-arrow-wrap'><div class='avia-arrow'><\/div><\/div><div class='avia-testimonial-image'  itemprop=\"image\"  style='background-image:url(https:\/\/tiefbausauger.de\/wp-content\/uploads\/2018\/10\/desat-boy-m10-180x180.jpg);'><\/div><div class='avia-testimonial-meta-mini'  itemprop=\"author\" itemscope=\"itemscope\" itemtype=\"https:\/\/schema.org\/Person\" ><strong  class='avia-testimonial-name'    itemprop=\"name\" >John Spectre<\/strong><span  class='avia-testimonial-subtitle '    itemprop=\"jobTitle\" >Architekt<\/span><\/div><\/div><\/div><\/div>\n<div class='avia-testimonial av_one_half flex_column no_margin avia-testimonial-row-1 ' ><div class='avia-testimonial_inner'  itemscope=\"itemscope\" itemtype=\"https:\/\/schema.org\/CreativeWork\" ><div class='avia-testimonial-content '  ><div class='avia-testimonial-markup-entry-content'  itemprop=\"text\" ><p>Moderne St\u00e4dte brauchen moderne Tiefbautechnik.<\/p>\n<\/div><\/div><div class='avia-testimonial-meta'><div class='avia-testimonial-arrow-wrap'><div class='avia-arrow'><\/div><\/div><div class='avia-testimonial-image'  itemprop=\"image\"  style='background-image:url(https:\/\/tiefbausauger.de\/wp-content\/uploads\/2018\/10\/desat-girl-m13-180x180.jpg);'><\/div><div class='avia-testimonial-meta-mini'  itemprop=\"author\" itemscope=\"itemscope\" itemtype=\"https:\/\/schema.org\/Person\" ><strong  class='avia-testimonial-name'    itemprop=\"name\" >Gina Mayerhuhl<\/strong><span  class='avia-testimonial-subtitle '    itemprop=\"jobTitle\" >Designerin<\/span><\/div><\/div><\/div><\/div>\n<div class='avia-testimonial av_one_half flex_column no_margin avia-testimonial-row-1 ' ><div class='avia-testimonial_inner'  itemscope=\"itemscope\" itemtype=\"https:\/\/schema.org\/CreativeWork\" ><div class='avia-testimonial-content '  ><div class='avia-testimonial-markup-entry-content'  itemprop=\"text\" ><p>Anders lie\u00dfen sich unsere Projekte nicht mehr verwirklichen.<\/p>\n<\/div><\/div><div class='avia-testimonial-meta'><div class='avia-testimonial-arrow-wrap'><div class='avia-arrow'><\/div><\/div><div class='avia-testimonial-image'  itemprop=\"image\"  style='background-image:url(https:\/\/tiefbausauger.de\/wp-content\/uploads\/2018\/10\/desat-boy-m1-180x180.jpg);'><\/div><div class='avia-testimonial-meta-mini'  itemprop=\"author\" itemscope=\"itemscope\" itemtype=\"https:\/\/schema.org\/Person\" ><strong  class='avia-testimonial-name'    itemprop=\"name\" >Frank Eugene<\/strong><span  class='avia-testimonial-subtitle '    itemprop=\"jobTitle\" >Tiefbautechniker<\/span><\/div><\/div><\/div><\/div>\n<\/section><div class='avia-slideshow-arrows avia-slideshow-controls' ><a href='#prev' class='prev-slide' aria-hidden='true' data-av_icon='\ue87c' data-av_iconfont='entypo-fontello'>Previous<\/a><a href='#next' class='next-slide' aria-hidden='true' data-av_icon='\ue87d' data-av_iconfont='entypo-fontello'>Next<\/a><\/div><\/div><\/div><div class=\"flex_column av_one_fifth  flex_column_div av-zero-column-padding   avia-builder-el-8  el_after_av_three_fifth  el_before_av_hr  \" style='border-radius:0px; '><\/div><div   class='hr hr-short hr-center   avia-builder-el-9  el_after_av_one_fifth  avia-builder-el-last '><span class='hr-inner ' ><span class='hr-inner-style'><\/span><\/span><\/div>\n<\/div><\/div><\/div><!-- close content main div --><\/div><\/div><div id='philosophy'  class='avia-section header_color avia-section-huge avia-no-border-styling  avia-full-stretch avia-bg-style-scroll  avia-builder-el-10  el_after_av_section  el_before_av_section   av-minimum-height av-minimum-height-75  container_wrap sidebar_right' style='background-color: #7bb0e7; background-repeat: no-repeat; background-image: url(https:\/\/tiefbausauger.de\/wp-content\/uploads\/2018\/10\/hero-pattern.png), linear-gradient(to bottom right,#16a6e8,#e3ee22);background-attachment: scroll; background-position: center center;  '  data-section-bg-repeat='stretch' data-av_minimum_height_pc='75'><div class='container' ><div class='template-page content  av-content-small alpha units'><div class='post-entry post-entry-type-page post-entry-241'><div class='entry-content-wrapper clearfix'>\n<div class=\"flex_column av_three_fifth  av-animated-generic pop-up  flex_column_div av-zero-column-padding first  avia-builder-el-11  el_before_av_two_fifth  avia-builder-el-first  \" style='border-radius:0px; '><p><div  style='padding-bottom:20px; margin:0 0 0 0; font-size:53px;' class='av-special-heading av-special-heading-h3  blockquote modern-quote  avia-builder-el-12  el_before_av_textblock  avia-builder-el-first  av-inherit-size '><h3 class='av-special-heading-tag '  itemprop=\"headline\"  >Der Mensch steht bei uns immer im Mittelpunkt &#8230;<\/h3><div class='special-heading-border'><div class='special-heading-inner-border' ><\/div><\/div><\/div><br \/>\n<section class=\"av_textblock_section \"  itemscope=\"itemscope\" itemtype=\"https:\/\/schema.org\/CreativeWork\" ><div class='avia_textblock  '  style='font-size:23px; '  itemprop=\"text\" ><p>Respektvoll die Zukunft gestalten durch Investitionen in die Menschen, die diese nutzen und herstellen und in modernste Technologie \u2013 bei gleichzeitiger Sorge um die Umwelt \u2013 sind unsere wegweisenden Leitmotive.<\/p>\n<p>Unser Ansatz f\u00fcr Umweltschutz und die Gesellschaft stellt immer den Mensch in den Mittelpunkt, denn Erfolg wird von Menschen gemacht. Wir verstehen uns als ein Unternehmen, das den Begriff &#8220;Made in Germany&#8221; sehr ernst nimmt.<\/p>\n<p>Wir sind davon \u00fcberzeugt, dass h\u00f6chste Leistung und Verantwortung nur auf Basis von Respekt entstehen k\u00f6nnen. Respekt vor unseren Kunden, dem wir durch gut gestaltete Produkte und erstklassigen Kundendienst Ausdruck verleihen und Respekt vor der Gesellschaft, den wir durch innovative Produkte und verantwortungsvolles Engagement unter Beweis stellen.<\/p>\n<\/div><\/section><br \/>\n<div  style='height:50px' class='hr hr-invisible   avia-builder-el-14  el_after_av_textblock  avia-builder-el-last '><span class='hr-inner ' ><span class='hr-inner-style'><\/span><\/span><\/div><\/p><\/div><div class=\"flex_column av_two_fifth  av-animated-generic pop-up  flex_column_div av-zero-column-padding   avia-builder-el-15  el_after_av_three_fifth  avia-builder-el-last  \" style='border-radius:0px; '><div  class='avia-image-container  av-styling-    avia-builder-el-16  avia-builder-el-no-sibling  avia-align-center '  itemprop=\"image\" itemscope=\"itemscope\" itemtype=\"https:\/\/schema.org\/ImageObject\"  ><div class='avia-image-container-inner'><div class='avia-image-overlay-wrap'><img decoding=\"async\" class='wp-image-391 avia-img-lazy-loading-not-391 avia_image' src=\"https:\/\/tiefbausauger.de\/wp-content\/uploads\/2018\/10\/backdrop-team.png\" alt='' title='backdrop-team' height=\"872\" width=\"827\"  itemprop=\"thumbnailUrl\" srcset=\"https:\/\/tiefbausauger.de\/wp-content\/uploads\/2018\/10\/backdrop-team.png 827w, https:\/\/tiefbausauger.de\/wp-content\/uploads\/2018\/10\/backdrop-team-285x300.png 285w, https:\/\/tiefbausauger.de\/wp-content\/uploads\/2018\/10\/backdrop-team-768x810.png 768w, https:\/\/tiefbausauger.de\/wp-content\/uploads\/2018\/10\/backdrop-team-669x705.png 669w\" sizes=\"(max-width: 827px) 100vw, 827px\" \/><\/div><\/div><\/div><\/div><\/div><\/div><\/div><!-- close content main div --><\/div><div class='av-extra-border-element border-extra-diagonal border-extra-diagonal-inverse '><div class='av-extra-border-outer'><div class='av-extra-border-inner'  style='background-color:#ffffff;' ><\/div><\/div><\/div><\/div><div id='philosophy'  class='avia-section header_color avia-section-huge avia-no-border-styling  avia-full-stretch avia-bg-style-scroll  avia-builder-el-17  el_after_av_section  el_before_av_section   av-minimum-height av-minimum-height-75  container_wrap sidebar_right' style='background-color: #7bb0e7; background-repeat: no-repeat; background-image: url(https:\/\/tiefbausauger.de\/wp-content\/uploads\/2018\/10\/hero-pattern.png), linear-gradient(to bottom right,#16a6e8,#e3ee22);background-attachment: scroll; background-position: center center;  '  data-section-bg-repeat='stretch' data-av_minimum_height_pc='75'><div class='container' ><div class='template-page content  av-content-small alpha units'><div class='post-entry post-entry-type-page post-entry-241'><div class='entry-content-wrapper clearfix'>\n<div   class='hr hr-short hr-center   avia-builder-el-18  el_before_av_heading  avia-builder-el-first '><span class='hr-inner ' ><span class='hr-inner-style'><\/span><\/span><\/div>\n<div  style='padding-bottom:0px; margin:0 0 0.7em 0; font-size:53px;' class='av-special-heading av-special-heading-h3  blockquote modern-quote modern-centered  avia-builder-el-19  el_after_av_hr  el_before_av_textblock  av-inherit-size '><h3 class='av-special-heading-tag '  itemprop=\"headline\"  >Was uns begeistert<\/h3><div class='special-heading-border'><div class='special-heading-inner-border' ><\/div><\/div><\/div>\n<section class=\"av_textblock_section \"  itemscope=\"itemscope\" itemtype=\"https:\/\/schema.org\/CreativeWork\" ><div class='avia_textblock  av_inherit_color '  style='font-size:23px; color:#4a4a4a; '  itemprop=\"text\" ><p style=\"text-align: center;\">ist wenn wir Mensch und Umwelt helfen k\u00f6nnen.<\/p>\n<\/div><\/section>\n<div   class='hr hr-short hr-center   avia-builder-el-21  el_after_av_textblock  avia-builder-el-last '><span class='hr-inner ' ><span class='hr-inner-style'><\/span><\/span><\/div>\n<\/p>\n<\/div><\/div><\/div><!-- close content main div --><\/div><div class='av-extra-border-element border-extra-diagonal  '><div class='av-extra-border-outer'><div class='av-extra-border-inner'  style='background-color:#ffffff;' ><\/div><\/div><\/div><\/div><div id='tale'  class='avia-section main_color avia-section-huge avia-no-border-styling  avia-bg-style-scroll  avia-builder-el-22  el_after_av_section  avia-builder-el-last   container_wrap sidebar_right' style='background-color: #1cc5e7;background-repeat: no-repeat; background-image: url(https:\/\/tiefbausauger.de\/wp-content\/uploads\/2018\/10\/hero-pattern.png), linear-gradient(to bottom right,#1cc5e7,#e3ee22);background-attachment: scroll; background-position: top center;  '  data-section-bg-repeat='no-repeat'><div class='container' ><div class='template-page content  av-content-small alpha units'><div class='post-entry post-entry-type-page post-entry-241'><div class='entry-content-wrapper clearfix'>\n<div  style='padding-bottom:0px; margin:0 0 0.7em 0; color:#ffffff;font-size:53px;' class='av-special-heading av-special-heading-h3 custom-color-heading blockquote modern-quote modern-centered  avia-builder-el-23  el_before_av_textblock  avia-builder-el-first  av-inherit-size '><h3 class='av-special-heading-tag '  itemprop=\"headline\"  >A Tale of Success<\/h3><div class='special-heading-border'><div class='special-heading-inner-border' style='border-color:#ffffff'><\/div><\/div><\/div>\n<section class=\"av_textblock_section \"  itemscope=\"itemscope\" itemtype=\"https:\/\/schema.org\/CreativeWork\" ><div class='avia_textblock  av_inherit_color '  style='font-size:23px; color:#ffffff; '  itemprop=\"text\" ><p style=\"text-align: center;\">and how to plan it<\/p>\n<\/div><\/section>\n<div   class='hr hr-short hr-center   avia-builder-el-25  el_after_av_textblock  el_before_av_one_fifth '><span class='hr-inner ' ><span class='hr-inner-style'><\/span><\/span><\/div>\n<div class=\"flex_column av_one_fifth  flex_column_div av-zero-column-padding first  avia-builder-el-26  el_after_av_hr  el_before_av_three_fifth  \" style='border-radius:0px; '><\/div><div class=\"flex_column av_three_fifth  av-animated-generic pop-up  flex_column_div av-zero-column-padding   avia-builder-el-27  el_after_av_one_fifth  el_before_av_one_fifth  \" style='border-radius:0px; '><section class=\"av_textblock_section \"  itemscope=\"itemscope\" itemtype=\"https:\/\/schema.org\/CreativeWork\" ><div class='avia_textblock  av_inherit_color '  style='font-size:20px; color:#ffffff; '  itemprop=\"text\" ><section class=\"page-section g\">\n<div class=\"page-section__generator page-section__generator--top g12-xs g11-md g10-lg g8-xl\" style=\"text-align: center;\">\n<div class=\"page-generator__text page-generator__text--top js-generator-text\">Die Stadt ist ein Lebensraum im Wandel. Die Untergr\u00fcnde heutiger St\u00e4dte sind mit einem Netz von Rohren, Kabeln und empfindlichen Versorgungsleitungen aller Art durchzogen.<\/p>\n<div id=\"output\" class=\"page-generator__output js-generator-output\">\n<p>Aufgrund dieser Entwicklung k\u00f6nnen alte Tiefbauverfahren mit herk\u00f6mmlichen Baggern in unseren St\u00e4dten gro\u00dfen Schaden anrichten.<\/p>\n<p>Hier kommen unsere Produkte zu Einsatz.<\/p>\n<p>Zu Beginn des 20. Jahrhunderts konnten Stra\u00dfenb\u00e4ume noch ohne Probleme in Gehweg- und Stra\u00dfenbereiche gepflanzt werden.<br \/>\nDie Nutzung von Verkehrswegen und Trassen hat sich heute aber stark ver\u00e4ndert. Moderne H\u00e4user sind h\u00f6her und schwerer und ben\u00f6tigen deshalb st\u00e4rkere Fundamente und stabileren Baugrund.<br \/>\nDie an einen starken LKW- und PKW-Verkehr angepassten Stra\u00dfen<br \/>\nverf\u00fcgen \u00fcber einen Unterbau, der derart verdichtet ist, dass<br \/>\nBaumwurzeln nicht mehr in ihn hineinwachsen k\u00f6nnen, weswegen diese an Leitungen und Rohren entlang wachsen. Eine moderne Stadt ist jedoch auf einen Untergrund voller Technik angewiesen und Wurzeleinwachsungen k\u00f6nnen hier gro\u00dfe Sch\u00e4den anrichten, die wieder behoben werden m\u00fcssen.<\/p>\n<p>Unsere modernen Tiefbausauger entfernen den umgebenen Boden von Rohren und Kabeln ohne dabei Schaden anzurichten.<\/p>\n<\/div>\n<\/div>\n<\/div>\n<\/section>\n<footer class=\"body-footer js-body-footer\">\n<div class=\"g\" style=\"text-align: center;\">\n<div class=\"g4-xs g3-md\"><\/div>\n<\/div>\n<\/footer>\n<\/div><\/section><\/div><div class=\"flex_column av_one_fifth  flex_column_div av-zero-column-padding   avia-builder-el-29  el_after_av_three_fifth  el_before_av_hr  \" style='border-radius:0px; '><\/div><div  style='height:90px' class='hr hr-invisible   avia-builder-el-30  el_after_av_one_fifth  avia-builder-el-last '><span class='hr-inner ' ><span class='hr-inner-style'><\/span><\/span><\/div>\n<\/div><\/div><\/div><!-- close content main div --><\/div><div class='av-extra-border-element border-extra-diagonal border-extra-diagonal-inverse '><div class='av-extra-border-outer'><div class='av-extra-border-inner'  style='background-color:#ffffff;' ><\/div><\/div><\/div><\/div><div id='after_section_5'  class='main_color av_default_container_wrap container_wrap sidebar_right' style=' '  ><div class='container' ><div class='template-page content  av-content-small alpha units'><div class='post-entry post-entry-type-page post-entry-241'><div class='entry-content-wrapper clearfix'>\n","protected":false},"excerpt":{"rendered":"","protected":false},"author":1,"featured_media":0,"parent":0,"menu_order":0,"comment_status":"closed","ping_status":"closed","template":"","meta":{"footnotes":""},"class_list":["post-241","page","type-page","status-publish","hentry"],"_links":{"self":[{"href":"https:\/\/tiefbausauger.de\/index.php?rest_route=\/wp\/v2\/pages\/241","targetHints":{"allow":["GET"]}}],"collection":[{"href":"https:\/\/tiefbausauger.de\/index.php?rest_route=\/wp\/v2\/pages"}],"about":[{"href":"https:\/\/tiefbausauger.de\/index.php?rest_route=\/wp\/v2\/types\/page"}],"author":[{"embeddable":true,"href":"https:\/\/tiefbausauger.de\/index.php?rest_route=\/wp\/v2\/users\/1"}],"replies":[{"embeddable":true,"href":"https:\/\/tiefbausauger.de\/index.php?rest_route=%2Fwp%2Fv2%2Fcomments&post=241"}],"version-history":[{"count":9,"href":"https:\/\/tiefbausauger.de\/index.php?rest_route=\/wp\/v2\/pages\/241\/revisions"}],"predecessor-version":[{"id":896,"href":"https:\/\/tiefbausauger.de\/index.php?rest_route=\/wp\/v2\/pages\/241\/revisions\/896"}],"wp:attachment":[{"href":"https:\/\/tiefbausauger.de\/index.php?rest_route=%2Fwp%2Fv2%2Fmedia&parent=241"}],"curies":[{"name":"wp","href":"https:\/\/api.w.org\/{rel}","templated":true}]}}